{"id":45,"date":"2024-02-04T13:57:40","date_gmt":"2024-02-04T12:57:40","guid":{"rendered":"https:\/\/www.domainebatardlangelier.fr\/?page_id=45"},"modified":"2024-07-11T21:55:47","modified_gmt":"2024-07-11T19:55:47","slug":"contact","status":"publish","type":"page","link":"https:\/\/www.domainebatardlangelier.fr\/?page_id=45","title":{"rendered":"Contact"},"content":{"rendered":"\t\t<div data-elementor-type=\"wp-page\" data-elementor-id=\"45\" class=\"elementor elementor-45\">\n\t\t\t\t<div class=\"elementor-element elementor-element-db28f91 e-flex e-con-boxed e-con e-parent\" data-id=\"db28f91\" data-element_type=\"container\">\n\t\t\t\t\t<div class=\"e-con-inner\">\n\t\t<div class=\"elementor-element elementor-element-9ff4131 e-con-full e-flex e-con e-child\" data-id=\"9ff4131\" data-element_type=\"container\">\n\t\t\t\t<div class=\"elementor-element elementor-element-3d72aba elementor-widget elementor-widget-heading\" data-id=\"3d72aba\" data-element_type=\"widget\" data-widget_type=\"heading.default\">\n\t\t\t\t<div class=\"elementor-widget-container\">\n\t\t\t\t\t<h2 class=\"elementor-heading-title elementor-size-default\">Contact<\/h2>\t\t\t\t<\/div>\n\t\t\t\t<\/div>\n\t\t\t\t<div class=\"elementor-element elementor-element-5fa65aa elementor-widget elementor-widget-text-editor\" data-id=\"5fa65aa\" data-element_type=\"widget\" data-widget_type=\"text-editor.default\">\n\t\t\t\t<div class=\"elementor-widget-container\">\n\t\t\t\t\t\t\t\t\t<p style=\"text-align: center;\"><b>J\u00e9r\u00e9mie<br \/><\/b><span style=\"font-size: 14px; color: var( --e-global-color-text ); text-align: var(--text-align);\">Culture et vinification<br \/><\/span><span style=\"font-size: 14px; color: var( --e-global-color-text ); text-align: var(--text-align);\">06 63 79 41 43<br \/><\/span>domaine.batard.langelier @ gmail.com<\/p><p style=\"text-align: center;\"><strong>Pascal et R\u00e8gine<\/strong><br \/>Vinification et culture<\/p><p style=\"text-align: center;\"><b>Fanny<br \/><\/b>Commercial export<br \/>06 17 67 75 39<br \/>fanny @ genuinewines.com<b><br \/><\/b><\/p><div style=\"text-align: center;\" data-id=\"1a1bc36\" data-element_type=\"widget\" data-widget_type=\"text-editor.default\"><div><p>26, La Bigoti\u00e8re<br \/>44690 Maisdon sur S\u00e8vre<\/p><\/div><\/div><div data-id=\"b6f90ae\" data-element_type=\"widget\" data-widget_type=\"text-editor.default\"><div><p style=\"text-align: center;\"><b>Sur rendez-vous<br \/><\/b>de 9h \u2013 12h30 \/ 14h \u2013 18h<br \/>(du lundi au samedi)<\/p><\/div><\/div>\t\t\t\t\t\t\t\t<\/div>\n\t\t\t\t<\/div>\n\t\t\t\t<\/div>\n\t\t<div class=\"elementor-element elementor-element-5799202 e-con-full e-flex e-con e-child\" data-id=\"5799202\" data-element_type=\"container\">\n\t\t\t\t<div class=\"elementor-element elementor-element-ee024d2 elementor-widget__width-initial elementor-widget elementor-widget-text-editor\" data-id=\"ee024d2\" data-element_type=\"widget\" data-widget_type=\"text-editor.default\">\n\t\t\t\t<div class=\"elementor-widget-container\">\n\t\t\t\t\t\t\t\t\t\n<div class=\"wpcf7 no-js\" id=\"wpcf7-f521-o1\" lang=\"fr-FR\" dir=\"ltr\" data-wpcf7-id=\"521\">\n<div class=\"screen-reader-response\"><p role=\"status\" aria-live=\"polite\" aria-atomic=\"true\"><\/p> <ul><\/ul><\/div>\n<form action=\"\/index.php?rest_route=%2Fwp%2Fv2%2Fpages%2F45#wpcf7-f521-o1\" method=\"post\" class=\"wpcf7-form init\" aria-label=\"Formulaire de contact\" novalidate=\"novalidate\" data-status=\"init\">\n<div style=\"display: none;\">\n<input type=\"hidden\" name=\"_wpcf7\" value=\"521\" \/>\n<input type=\"hidden\" name=\"_wpcf7_version\" value=\"6.0.6\" \/>\n<input type=\"hidden\" name=\"_wpcf7_locale\" value=\"fr_FR\" \/>\n<input type=\"hidden\" name=\"_wpcf7_unit_tag\" value=\"wpcf7-f521-o1\" \/>\n<input type=\"hidden\" name=\"_wpcf7_container_post\" value=\"0\" \/>\n<input type=\"hidden\" name=\"_wpcf7_posted_data_hash\" value=\"\" \/>\n<\/div>\n<p><label> Votre nom<br \/>\n<span class=\"wpcf7-form-control-wrap\" data-name=\"your-name\"><input size=\"40\" maxlength=\"400\" class=\"wpcf7-form-control wpcf7-text wpcf7-validates-as-required\" autocomplete=\"name\" aria-required=\"true\" aria-invalid=\"false\" value=\"\" type=\"text\" name=\"your-name\" \/><\/span> <\/label>\n<\/p>\n<p><label> Votre e-mail<br \/>\n<span class=\"wpcf7-form-control-wrap\" data-name=\"your-email\"><input size=\"40\" maxlength=\"400\" class=\"wpcf7-form-control wpcf7-email wpcf7-validates-as-required wpcf7-text wpcf7-validates-as-email\" autocomplete=\"email\" aria-required=\"true\" aria-invalid=\"false\" value=\"\" type=\"email\" name=\"your-email\" \/><\/span> <\/label>\n<\/p>\n<p><label> Objet<br \/>\n<span class=\"wpcf7-form-control-wrap\" data-name=\"your-subject\"><input size=\"40\" maxlength=\"400\" class=\"wpcf7-form-control wpcf7-text wpcf7-validates-as-required\" aria-required=\"true\" aria-invalid=\"false\" value=\"\" type=\"text\" name=\"your-subject\" \/><\/span> <\/label>\n<\/p>\n<p><label> Votre message<br \/>\n<span class=\"wpcf7-form-control-wrap\" data-name=\"your-message\"><textarea cols=\"40\" rows=\"10\" maxlength=\"2000\" class=\"wpcf7-form-control wpcf7-textarea wpcf7-validates-as-required\" aria-required=\"true\" aria-invalid=\"false\" name=\"your-message\"><\/textarea><\/span> <\/label>\n<\/p>\n<p><input class=\"wpcf7-form-control wpcf7-submit has-spinner\" type=\"submit\" value=\"Envoyer\" \/>\n<\/p><p style=\"display: none !important;\" class=\"akismet-fields-container\" data-prefix=\"_wpcf7_ak_\"><label>&#916;<textarea name=\"_wpcf7_ak_hp_textarea\" cols=\"45\" rows=\"8\" maxlength=\"100\"><\/textarea><\/label><input type=\"hidden\" id=\"ak_js_1\" name=\"_wpcf7_ak_js\" value=\"221\"\/><script>document.getElementById( \"ak_js_1\" ).setAttribute( \"value\", ( new Date() ).getTime() );<\/script><\/p><div class=\"wpcf7-response-output\" aria-hidden=\"true\"><\/div>\n<\/form>\n<\/div>\n\t\t\t\t\t\t\t\t<\/div>\n\t\t\t\t<\/div>\n\t\t\t\t<\/div>\n\t\t<div class=\"elementor-element elementor-element-128abfb e-con-full e-flex e-con e-child\" data-id=\"128abfb\" data-element_type=\"container\">\n\t\t\t\t<div class=\"elementor-element elementor-element-af46b8f elementor-widget__width-initial elementor-widget elementor-widget-google_maps\" data-id=\"af46b8f\" data-element_type=\"widget\" data-widget_type=\"google_maps.default\">\n\t\t\t\t<div class=\"elementor-widget-container\">\n\t\t\t\t\t\t\t<div class=\"elementor-custom-embed\">\n\t\t\t<iframe loading=\"lazy\"\n\t\t\t\t\tsrc=\"https:\/\/maps.google.com\/maps?q=batard%20langelier&#038;t=m&#038;z=14&#038;output=embed&#038;iwloc=near\"\n\t\t\t\t\ttitle=\"batard langelier\"\n\t\t\t\t\taria-label=\"batard langelier\"\n\t\t\t><\/iframe>\n\t\t<\/div>\n\t\t\t\t\t\t<\/div>\n\t\t\t\t<\/div>\n\t\t\t\t<div class=\"elementor-element elementor-element-c183fac elementor-widget elementor-widget-image\" data-id=\"c183fac\" data-element_type=\"widget\" data-widget_type=\"image.default\">\n\t\t\t\t<div class=\"elementor-widget-container\">\n\t\t\t\t\t\t\t\t\t\t\t\t\t\t\t<img fetchpriority=\"high\" decoding=\"async\" width=\"1024\" height=\"576\" src=\"https:\/\/www.domainebatardlangelier.fr\/wp-content\/uploads\/2024\/02\/bg3-1024x576.jpg\" class=\"attachment-large size-large wp-image-68\" alt=\"\" srcset=\"https:\/\/www.domainebatardlangelier.fr\/wp-content\/uploads\/2024\/02\/bg3-1024x576.jpg 1024w, https:\/\/www.domainebatardlangelier.fr\/wp-content\/uploads\/2024\/02\/bg3-300x169.jpg 300w, https:\/\/www.domainebatardlangelier.fr\/wp-content\/uploads\/2024\/02\/bg3-768x432.jpg 768w, https:\/\/www.domainebatardlangelier.fr\/wp-content\/uploads\/2024\/02\/bg3-1536x864.jpg 1536w, https:\/\/www.domainebatardlangelier.fr\/wp-content\/uploads\/2024\/02\/bg3.jpg 1920w\" sizes=\"(max-width: 1024px) 100vw, 1024px\" \/>\t\t\t\t\t\t\t\t\t\t\t\t\t\t\t<\/div>\n\t\t\t\t<\/div>\n\t\t\t\t<\/div>\n\t\t\t\t\t<\/div>\n\t\t\t\t<\/div>\n\t\t\t\t<\/div>\n\t\t","protected":false},"excerpt":{"rendered":"<p>Contact J\u00e9r\u00e9mieCulture et vinification06 63 79 41 43domaine.batard.langelier @ gmail.com Pascal et R\u00e8gineVinification et culture FannyCommercial export06 17 67 75 39fanny @ genuinewines.com 26, La Bigoti\u00e8re44690 Maisdon sur S\u00e8vre Sur rendez-vousde 9h \u2013 12h30 \/ 14h \u2013 18h(du lundi au samedi)<\/p>\n","protected":false},"author":1,"featured_media":0,"parent":0,"menu_order":0,"comment_status":"closed","ping_status":"closed","template":"elementor_header_footer","meta":{"footnotes":""},"class_list":["post-45","page","type-page","status-publish","hentry"],"yoast_head":"<!-- This site is optimized with the Yoast SEO plugin v25.1 - https:\/\/yoast.com\/wordpress\/plugins\/seo\/ -->\n<title>Contact -<\/title>\n<meta name=\"robots\" content=\"index, follow, max-snippet:-1, max-image-preview:large, max-video-preview:-1\" \/>\n<link rel=\"canonical\" href=\"https:\/\/www.domainebatardlangelier.fr\/?page_id=45\" \/>\n<meta property=\"og:locale\" content=\"fr_FR\" \/>\n<meta property=\"og:type\" content=\"article\" \/>\n<meta property=\"og:title\" content=\"Contact -\" \/>\n<meta property=\"og:description\" content=\"Contact J\u00e9r\u00e9mieCulture et vinification06 63 79 41 43domaine.batard.langelier @ gmail.com Pascal et R\u00e8gineVinification et culture FannyCommercial export06 17 67 75 39fanny @ genuinewines.com 26, La Bigoti\u00e8re44690 Maisdon sur S\u00e8vre Sur rendez-vousde 9h \u2013 12h30 \/ 14h \u2013 18h(du lundi au samedi)\" \/>\n<meta property=\"og:url\" content=\"https:\/\/www.domainebatardlangelier.fr\/?page_id=45\" \/>\n<meta property=\"article:modified_time\" content=\"2024-07-11T19:55:47+00:00\" \/>\n<meta property=\"og:image\" content=\"http:\/\/www.domainebatardlangelier.fr\/wp-content\/uploads\/2024\/02\/bg3-1024x576.jpg\" \/>\n<meta name=\"twitter:card\" content=\"summary_large_image\" \/>\n<meta name=\"twitter:label1\" content=\"Dur\u00e9e de lecture estim\u00e9e\" \/>\n\t<meta name=\"twitter:data1\" content=\"1 minute\" \/>\n<script type=\"application\/ld+json\" class=\"yoast-schema-graph\">{\"@context\":\"https:\/\/schema.org\",\"@graph\":[{\"@type\":\"WebPage\",\"@id\":\"https:\/\/www.domainebatardlangelier.fr\/?page_id=45\",\"url\":\"https:\/\/www.domainebatardlangelier.fr\/?page_id=45\",\"name\":\"Contact -\",\"isPartOf\":{\"@id\":\"https:\/\/www.domainebatardlangelier.fr\/#website\"},\"primaryImageOfPage\":{\"@id\":\"https:\/\/www.domainebatardlangelier.fr\/?page_id=45#primaryimage\"},\"image\":{\"@id\":\"https:\/\/www.domainebatardlangelier.fr\/?page_id=45#primaryimage\"},\"thumbnailUrl\":\"http:\/\/www.domainebatardlangelier.fr\/wp-content\/uploads\/2024\/02\/bg3-1024x576.jpg\",\"datePublished\":\"2024-02-04T12:57:40+00:00\",\"dateModified\":\"2024-07-11T19:55:47+00:00\",\"breadcrumb\":{\"@id\":\"https:\/\/www.domainebatardlangelier.fr\/?page_id=45#breadcrumb\"},\"inLanguage\":\"fr-FR\",\"potentialAction\":[{\"@type\":\"ReadAction\",\"target\":[\"https:\/\/www.domainebatardlangelier.fr\/?page_id=45\"]}]},{\"@type\":\"ImageObject\",\"inLanguage\":\"fr-FR\",\"@id\":\"https:\/\/www.domainebatardlangelier.fr\/?page_id=45#primaryimage\",\"url\":\"https:\/\/www.domainebatardlangelier.fr\/wp-content\/uploads\/2024\/02\/bg3.jpg\",\"contentUrl\":\"https:\/\/www.domainebatardlangelier.fr\/wp-content\/uploads\/2024\/02\/bg3.jpg\",\"width\":1920,\"height\":1080},{\"@type\":\"BreadcrumbList\",\"@id\":\"https:\/\/www.domainebatardlangelier.fr\/?page_id=45#breadcrumb\",\"itemListElement\":[{\"@type\":\"ListItem\",\"position\":1,\"name\":\"Accueil\",\"item\":\"https:\/\/www.domainebatardlangelier.fr\/\"},{\"@type\":\"ListItem\",\"position\":2,\"name\":\"Contact\"}]},{\"@type\":\"WebSite\",\"@id\":\"https:\/\/www.domainebatardlangelier.fr\/#website\",\"url\":\"https:\/\/www.domainebatardlangelier.fr\/\",\"name\":\"Domaine Batard Langelier\",\"description\":\"\",\"publisher\":{\"@id\":\"https:\/\/www.domainebatardlangelier.fr\/#organization\"},\"potentialAction\":[{\"@type\":\"SearchAction\",\"target\":{\"@type\":\"EntryPoint\",\"urlTemplate\":\"https:\/\/www.domainebatardlangelier.fr\/?s={search_term_string}\"},\"query-input\":{\"@type\":\"PropertyValueSpecification\",\"valueRequired\":true,\"valueName\":\"search_term_string\"}}],\"inLanguage\":\"fr-FR\"},{\"@type\":\"Organization\",\"@id\":\"https:\/\/www.domainebatardlangelier.fr\/#organization\",\"name\":\"J\u00e9r\u00e9mie batard\",\"url\":\"https:\/\/www.domainebatardlangelier.fr\/\",\"logo\":{\"@type\":\"ImageObject\",\"inLanguage\":\"fr-FR\",\"@id\":\"https:\/\/www.domainebatardlangelier.fr\/#\/schema\/logo\/image\/\",\"url\":\"https:\/\/www.domainebatardlangelier.fr\/wp-content\/uploads\/2024\/02\/Logo-BatardLangelier.png\",\"contentUrl\":\"https:\/\/www.domainebatardlangelier.fr\/wp-content\/uploads\/2024\/02\/Logo-BatardLangelier.png\",\"width\":686,\"height\":79,\"caption\":\"J\u00e9r\u00e9mie batard\"},\"image\":{\"@id\":\"https:\/\/www.domainebatardlangelier.fr\/#\/schema\/logo\/image\/\"},\"sameAs\":[\"https:\/\/www.instagram.com\/batardlangelier\/\"]}]}<\/script>\n<!-- \/ Yoast SEO plugin. -->","yoast_head_json":{"title":"Contact -","robots":{"index":"index","follow":"follow","max-snippet":"max-snippet:-1","max-image-preview":"max-image-preview:large","max-video-preview":"max-video-preview:-1"},"canonical":"https:\/\/www.domainebatardlangelier.fr\/?page_id=45","og_locale":"fr_FR","og_type":"article","og_title":"Contact -","og_description":"Contact J\u00e9r\u00e9mieCulture et vinification06 63 79 41 43domaine.batard.langelier @ gmail.com Pascal et R\u00e8gineVinification et culture FannyCommercial export06 17 67 75 39fanny @ genuinewines.com 26, La Bigoti\u00e8re44690 Maisdon sur S\u00e8vre Sur rendez-vousde 9h \u2013 12h30 \/ 14h \u2013 18h(du lundi au samedi)","og_url":"https:\/\/www.domainebatardlangelier.fr\/?page_id=45","article_modified_time":"2024-07-11T19:55:47+00:00","og_image":[{"url":"http:\/\/www.domainebatardlangelier.fr\/wp-content\/uploads\/2024\/02\/bg3-1024x576.jpg","type":"","width":"","height":""}],"twitter_card":"summary_large_image","twitter_misc":{"Dur\u00e9e de lecture estim\u00e9e":"1 minute"},"schema":{"@context":"https:\/\/schema.org","@graph":[{"@type":"WebPage","@id":"https:\/\/www.domainebatardlangelier.fr\/?page_id=45","url":"https:\/\/www.domainebatardlangelier.fr\/?page_id=45","name":"Contact -","isPartOf":{"@id":"https:\/\/www.domainebatardlangelier.fr\/#website"},"primaryImageOfPage":{"@id":"https:\/\/www.domainebatardlangelier.fr\/?page_id=45#primaryimage"},"image":{"@id":"https:\/\/www.domainebatardlangelier.fr\/?page_id=45#primaryimage"},"thumbnailUrl":"http:\/\/www.domainebatardlangelier.fr\/wp-content\/uploads\/2024\/02\/bg3-1024x576.jpg","datePublished":"2024-02-04T12:57:40+00:00","dateModified":"2024-07-11T19:55:47+00:00","breadcrumb":{"@id":"https:\/\/www.domainebatardlangelier.fr\/?page_id=45#breadcrumb"},"inLanguage":"fr-FR","potentialAction":[{"@type":"ReadAction","target":["https:\/\/www.domainebatardlangelier.fr\/?page_id=45"]}]},{"@type":"ImageObject","inLanguage":"fr-FR","@id":"https:\/\/www.domainebatardlangelier.fr\/?page_id=45#primaryimage","url":"https:\/\/www.domainebatardlangelier.fr\/wp-content\/uploads\/2024\/02\/bg3.jpg","contentUrl":"https:\/\/www.domainebatardlangelier.fr\/wp-content\/uploads\/2024\/02\/bg3.jpg","width":1920,"height":1080},{"@type":"BreadcrumbList","@id":"https:\/\/www.domainebatardlangelier.fr\/?page_id=45#breadcrumb","itemListElement":[{"@type":"ListItem","position":1,"name":"Accueil","item":"https:\/\/www.domainebatardlangelier.fr\/"},{"@type":"ListItem","position":2,"name":"Contact"}]},{"@type":"WebSite","@id":"https:\/\/www.domainebatardlangelier.fr\/#website","url":"https:\/\/www.domainebatardlangelier.fr\/","name":"Domaine Batard Langelier","description":"","publisher":{"@id":"https:\/\/www.domainebatardlangelier.fr\/#organization"},"potentialAction":[{"@type":"SearchAction","target":{"@type":"EntryPoint","urlTemplate":"https:\/\/www.domainebatardlangelier.fr\/?s={search_term_string}"},"query-input":{"@type":"PropertyValueSpecification","valueRequired":true,"valueName":"search_term_string"}}],"inLanguage":"fr-FR"},{"@type":"Organization","@id":"https:\/\/www.domainebatardlangelier.fr\/#organization","name":"J\u00e9r\u00e9mie batard","url":"https:\/\/www.domainebatardlangelier.fr\/","logo":{"@type":"ImageObject","inLanguage":"fr-FR","@id":"https:\/\/www.domainebatardlangelier.fr\/#\/schema\/logo\/image\/","url":"https:\/\/www.domainebatardlangelier.fr\/wp-content\/uploads\/2024\/02\/Logo-BatardLangelier.png","contentUrl":"https:\/\/www.domainebatardlangelier.fr\/wp-content\/uploads\/2024\/02\/Logo-BatardLangelier.png","width":686,"height":79,"caption":"J\u00e9r\u00e9mie batard"},"image":{"@id":"https:\/\/www.domainebatardlangelier.fr\/#\/schema\/logo\/image\/"},"sameAs":["https:\/\/www.instagram.com\/batardlangelier\/"]}]}},"_links":{"self":[{"href":"https:\/\/www.domainebatardlangelier.fr\/index.php?rest_route=\/wp\/v2\/pages\/45","targetHints":{"allow":["GET"]}}],"collection":[{"href":"https:\/\/www.domainebatardlangelier.fr\/index.php?rest_route=\/wp\/v2\/pages"}],"about":[{"href":"https:\/\/www.domainebatardlangelier.fr\/index.php?rest_route=\/wp\/v2\/types\/page"}],"author":[{"embeddable":true,"href":"https:\/\/www.domainebatardlangelier.fr\/index.php?rest_route=\/wp\/v2\/users\/1"}],"replies":[{"embeddable":true,"href":"https:\/\/www.domainebatardlangelier.fr\/index.php?rest_route=%2Fwp%2Fv2%2Fcomments&post=45"}],"version-history":[{"count":55,"href":"https:\/\/www.domainebatardlangelier.fr\/index.php?rest_route=\/wp\/v2\/pages\/45\/revisions"}],"predecessor-version":[{"id":1339,"href":"https:\/\/www.domainebatardlangelier.fr\/index.php?rest_route=\/wp\/v2\/pages\/45\/revisions\/1339"}],"wp:attachment":[{"href":"https:\/\/www.domainebatardlangelier.fr\/index.php?rest_route=%2Fwp%2Fv2%2Fmedia&parent=45"}],"curies":[{"name":"wp","href":"https:\/\/api.w.org\/{rel}","templated":true}]}}