{"id":3,"date":"2024-01-31T23:20:18","date_gmt":"2024-01-31T22:20:18","guid":{"rendered":"http:\/\/www.domainebatardlangelier.fr\/?page_id=3"},"modified":"2024-07-11T21:56:53","modified_gmt":"2024-07-11T19:56:53","slug":"mentions-legales","status":"publish","type":"page","link":"https:\/\/www.domainebatardlangelier.fr\/?page_id=3","title":{"rendered":"Mentions l\u00e9gales"},"content":{"rendered":"\t\t<div data-elementor-type=\"wp-page\" data-elementor-id=\"3\" class=\"elementor elementor-3\">\n\t\t\t\t<div class=\"elementor-element elementor-element-7c61e09c e-flex e-con-boxed e-con e-parent\" data-id=\"7c61e09c\" data-element_type=\"container\">\n\t\t\t\t\t<div class=\"e-con-inner\">\n\t\t\t\t<div class=\"elementor-element elementor-element-744f4b1b elementor-widget elementor-widget-text-editor\" data-id=\"744f4b1b\" data-element_type=\"widget\" data-widget_type=\"text-editor.default\">\n\t\t\t\t<div class=\"elementor-widget-container\">\n\t\t\t\t\t\t\t\t\t<p><\/p>\n<h2 class=\"wp-block-heading\">Mentions l\u00e9gales<\/h2>\n<div data-id=\"c2d81b6\" data-element_type=\"widget\" data-widget_type=\"heading.default\">\n<div>&nbsp;<\/div>\n<\/div>\n<div data-id=\"9d640a3\" data-element_type=\"widget\" data-widget_type=\"text-editor.default\">\n<div>\n<p><b>URL du site<\/b>&nbsp;:&nbsp;https:\/\/www.domainebatardlangelier.fr<br><b>Propri\u00e9taire du site (nom propre ou entreprise)<\/b>&nbsp;:&nbsp;Domaine Batard Langelier<br><b>Raison sociale, forme juridique, statut du propri\u00e9taire du site (SARL, num\u00e9ro SIRET)<\/b>&nbsp;:&nbsp;Domaine batard Langelier<br><b>SIRET&nbsp;<\/b>:&nbsp;43316972900012<br><b>Adresse postale du propri\u00e9taire<\/b>&nbsp;:&nbsp;Domaine Batard Langelier \u2013 29, La Bigoti\u00e8re \u2013 44690 Maisdon Sur S\u00e8vre<br><b>Num\u00e9ro de t\u00e9l\u00e9phone du propri\u00e9taire du site<\/b>&nbsp;:&nbsp;06 63 79 41 43<br><b>Num\u00e9ro individuel d\u2019identification fiscale (num\u00e9ro de TVA intracommunautaire)<\/b>&nbsp;:&nbsp;N\u00b0TVA&nbsp;FR05433169729<br><b>Responsable de publication<\/b> :&nbsp;J\u00e9r\u00e9mie Batard<\/p>\n<p><b>Contact&nbsp;<\/b>:&nbsp;06 63 79 41 43 &#8211;&nbsp;domaine.batard.langelier @ gmail.com<\/p>\n<p><b>H\u00e9bergeur du site<\/b>&nbsp;:&nbsp;OVH<br><span style=\"font-size: 14px; color: var( --e-global-color-text ); text-align: var(--text-align);\">Adresse postale de l\u2019h\u00e9bergeur du site&nbsp;:&nbsp;SAS OVH, 2 rue Kellermann \u2013 BP 80157 \u2013 59053 Roubaix Cedex 1 \u2013 France<br><\/span><span style=\"font-size: 14px; color: var( --e-global-color-text ); text-align: var(--text-align);\">(SAS au capital de 10 000 000 \u20ac RCS Lille M\u00e9tropole 424 761 419 00045 \u2013 Code APE 6202A \u2013 N\u00b0 TVA : FR 22 424 761&nbsp;419)<\/span><\/p>\n<\/div>\n<\/div>\n<p><\/p>\t\t\t\t\t\t\t\t<\/div>\n\t\t\t\t<\/div>\n\t\t\t\t\t<\/div>\n\t\t\t\t<\/div>\n\t\t\t\t<\/div>\n\t\t","protected":false},"excerpt":{"rendered":"<p>Mentions l\u00e9gales &nbsp; URL du site&nbsp;:&nbsp;https:\/\/www.domainebatardlangelier.frPropri\u00e9taire du site (nom propre ou entreprise)&nbsp;:&nbsp;Domaine Batard LangelierRaison sociale, forme juridique, statut du propri\u00e9taire du site (SARL, num\u00e9ro SIRET)&nbsp;:&nbsp;Domaine batard LangelierSIRET&nbsp;:&nbsp;43316972900012Adresse postale du propri\u00e9taire&nbsp;:&nbsp;Domaine Batard Langelier \u2013 29, La Bigoti\u00e8re \u2013 44690 Maisdon Sur S\u00e8vreNum\u00e9ro de t\u00e9l\u00e9phone du propri\u00e9taire du site&nbsp;:&nbsp;06 63 79 41 43Num\u00e9ro individuel d\u2019identification fiscale (num\u00e9ro [&hellip;]<\/p>\n","protected":false},"author":1,"featured_media":0,"parent":0,"menu_order":0,"comment_status":"closed","ping_status":"closed","template":"elementor_header_footer","meta":{"footnotes":""},"class_list":["post-3","page","type-page","status-publish","hentry"],"yoast_head":"<!-- This site is optimized with the Yoast SEO plugin v25.1 - https:\/\/yoast.com\/wordpress\/plugins\/seo\/ -->\n<title>Mentions l\u00e9gales -<\/title>\n<meta name=\"robots\" content=\"index, follow, max-snippet:-1, max-image-preview:large, max-video-preview:-1\" \/>\n<link rel=\"canonical\" href=\"https:\/\/www.domainebatardlangelier.fr\/?page_id=3\" \/>\n<meta property=\"og:locale\" content=\"fr_FR\" \/>\n<meta property=\"og:type\" content=\"article\" \/>\n<meta property=\"og:title\" content=\"Mentions l\u00e9gales -\" \/>\n<meta property=\"og:description\" content=\"Mentions l\u00e9gales &nbsp; URL du site&nbsp;:&nbsp;https:\/\/www.domainebatardlangelier.frPropri\u00e9taire du site (nom propre ou entreprise)&nbsp;:&nbsp;Domaine Batard LangelierRaison sociale, forme juridique, statut du propri\u00e9taire du site (SARL, num\u00e9ro SIRET)&nbsp;:&nbsp;Domaine batard LangelierSIRET&nbsp;:&nbsp;43316972900012Adresse postale du propri\u00e9taire&nbsp;:&nbsp;Domaine Batard Langelier \u2013 29, La Bigoti\u00e8re \u2013 44690 Maisdon Sur S\u00e8vreNum\u00e9ro de t\u00e9l\u00e9phone du propri\u00e9taire du site&nbsp;:&nbsp;06 63 79 41 43Num\u00e9ro individuel d\u2019identification fiscale (num\u00e9ro [&hellip;]\" \/>\n<meta property=\"og:url\" content=\"https:\/\/www.domainebatardlangelier.fr\/?page_id=3\" \/>\n<meta property=\"article:modified_time\" content=\"2024-07-11T19:56:53+00:00\" \/>\n<meta name=\"twitter:card\" content=\"summary_large_image\" \/>\n<meta name=\"twitter:label1\" content=\"Dur\u00e9e de lecture estim\u00e9e\" \/>\n\t<meta name=\"twitter:data1\" content=\"1 minute\" \/>\n<script type=\"application\/ld+json\" class=\"yoast-schema-graph\">{\"@context\":\"https:\/\/schema.org\",\"@graph\":[{\"@type\":\"WebPage\",\"@id\":\"https:\/\/www.domainebatardlangelier.fr\/?page_id=3\",\"url\":\"https:\/\/www.domainebatardlangelier.fr\/?page_id=3\",\"name\":\"Mentions l\u00e9gales -\",\"isPartOf\":{\"@id\":\"https:\/\/www.domainebatardlangelier.fr\/#website\"},\"datePublished\":\"2024-01-31T22:20:18+00:00\",\"dateModified\":\"2024-07-11T19:56:53+00:00\",\"breadcrumb\":{\"@id\":\"https:\/\/www.domainebatardlangelier.fr\/?page_id=3#breadcrumb\"},\"inLanguage\":\"fr-FR\",\"potentialAction\":[{\"@type\":\"ReadAction\",\"target\":[\"https:\/\/www.domainebatardlangelier.fr\/?page_id=3\"]}]},{\"@type\":\"BreadcrumbList\",\"@id\":\"https:\/\/www.domainebatardlangelier.fr\/?page_id=3#breadcrumb\",\"itemListElement\":[{\"@type\":\"ListItem\",\"position\":1,\"name\":\"Accueil\",\"item\":\"https:\/\/www.domainebatardlangelier.fr\/\"},{\"@type\":\"ListItem\",\"position\":2,\"name\":\"Mentions l\u00e9gales\"}]},{\"@type\":\"WebSite\",\"@id\":\"https:\/\/www.domainebatardlangelier.fr\/#website\",\"url\":\"https:\/\/www.domainebatardlangelier.fr\/\",\"name\":\"Domaine Batard Langelier\",\"description\":\"\",\"publisher\":{\"@id\":\"https:\/\/www.domainebatardlangelier.fr\/#organization\"},\"potentialAction\":[{\"@type\":\"SearchAction\",\"target\":{\"@type\":\"EntryPoint\",\"urlTemplate\":\"https:\/\/www.domainebatardlangelier.fr\/?s={search_term_string}\"},\"query-input\":{\"@type\":\"PropertyValueSpecification\",\"valueRequired\":true,\"valueName\":\"search_term_string\"}}],\"inLanguage\":\"fr-FR\"},{\"@type\":\"Organization\",\"@id\":\"https:\/\/www.domainebatardlangelier.fr\/#organization\",\"name\":\"J\u00e9r\u00e9mie batard\",\"url\":\"https:\/\/www.domainebatardlangelier.fr\/\",\"logo\":{\"@type\":\"ImageObject\",\"inLanguage\":\"fr-FR\",\"@id\":\"https:\/\/www.domainebatardlangelier.fr\/#\/schema\/logo\/image\/\",\"url\":\"https:\/\/www.domainebatardlangelier.fr\/wp-content\/uploads\/2024\/02\/Logo-BatardLangelier.png\",\"contentUrl\":\"https:\/\/www.domainebatardlangelier.fr\/wp-content\/uploads\/2024\/02\/Logo-BatardLangelier.png\",\"width\":686,\"height\":79,\"caption\":\"J\u00e9r\u00e9mie batard\"},\"image\":{\"@id\":\"https:\/\/www.domainebatardlangelier.fr\/#\/schema\/logo\/image\/\"},\"sameAs\":[\"https:\/\/www.instagram.com\/batardlangelier\/\"]}]}<\/script>\n<!-- \/ Yoast SEO plugin. -->","yoast_head_json":{"title":"Mentions l\u00e9gales -","robots":{"index":"index","follow":"follow","max-snippet":"max-snippet:-1","max-image-preview":"max-image-preview:large","max-video-preview":"max-video-preview:-1"},"canonical":"https:\/\/www.domainebatardlangelier.fr\/?page_id=3","og_locale":"fr_FR","og_type":"article","og_title":"Mentions l\u00e9gales -","og_description":"Mentions l\u00e9gales &nbsp; URL du site&nbsp;:&nbsp;https:\/\/www.domainebatardlangelier.frPropri\u00e9taire du site (nom propre ou entreprise)&nbsp;:&nbsp;Domaine Batard LangelierRaison sociale, forme juridique, statut du propri\u00e9taire du site (SARL, num\u00e9ro SIRET)&nbsp;:&nbsp;Domaine batard LangelierSIRET&nbsp;:&nbsp;43316972900012Adresse postale du propri\u00e9taire&nbsp;:&nbsp;Domaine Batard Langelier \u2013 29, La Bigoti\u00e8re \u2013 44690 Maisdon Sur S\u00e8vreNum\u00e9ro de t\u00e9l\u00e9phone du propri\u00e9taire du site&nbsp;:&nbsp;06 63 79 41 43Num\u00e9ro individuel d\u2019identification fiscale (num\u00e9ro [&hellip;]","og_url":"https:\/\/www.domainebatardlangelier.fr\/?page_id=3","article_modified_time":"2024-07-11T19:56:53+00:00","twitter_card":"summary_large_image","twitter_misc":{"Dur\u00e9e de lecture estim\u00e9e":"1 minute"},"schema":{"@context":"https:\/\/schema.org","@graph":[{"@type":"WebPage","@id":"https:\/\/www.domainebatardlangelier.fr\/?page_id=3","url":"https:\/\/www.domainebatardlangelier.fr\/?page_id=3","name":"Mentions l\u00e9gales -","isPartOf":{"@id":"https:\/\/www.domainebatardlangelier.fr\/#website"},"datePublished":"2024-01-31T22:20:18+00:00","dateModified":"2024-07-11T19:56:53+00:00","breadcrumb":{"@id":"https:\/\/www.domainebatardlangelier.fr\/?page_id=3#breadcrumb"},"inLanguage":"fr-FR","potentialAction":[{"@type":"ReadAction","target":["https:\/\/www.domainebatardlangelier.fr\/?page_id=3"]}]},{"@type":"BreadcrumbList","@id":"https:\/\/www.domainebatardlangelier.fr\/?page_id=3#breadcrumb","itemListElement":[{"@type":"ListItem","position":1,"name":"Accueil","item":"https:\/\/www.domainebatardlangelier.fr\/"},{"@type":"ListItem","position":2,"name":"Mentions l\u00e9gales"}]},{"@type":"WebSite","@id":"https:\/\/www.domainebatardlangelier.fr\/#website","url":"https:\/\/www.domainebatardlangelier.fr\/","name":"Domaine Batard Langelier","description":"","publisher":{"@id":"https:\/\/www.domainebatardlangelier.fr\/#organization"},"potentialAction":[{"@type":"SearchAction","target":{"@type":"EntryPoint","urlTemplate":"https:\/\/www.domainebatardlangelier.fr\/?s={search_term_string}"},"query-input":{"@type":"PropertyValueSpecification","valueRequired":true,"valueName":"search_term_string"}}],"inLanguage":"fr-FR"},{"@type":"Organization","@id":"https:\/\/www.domainebatardlangelier.fr\/#organization","name":"J\u00e9r\u00e9mie batard","url":"https:\/\/www.domainebatardlangelier.fr\/","logo":{"@type":"ImageObject","inLanguage":"fr-FR","@id":"https:\/\/www.domainebatardlangelier.fr\/#\/schema\/logo\/image\/","url":"https:\/\/www.domainebatardlangelier.fr\/wp-content\/uploads\/2024\/02\/Logo-BatardLangelier.png","contentUrl":"https:\/\/www.domainebatardlangelier.fr\/wp-content\/uploads\/2024\/02\/Logo-BatardLangelier.png","width":686,"height":79,"caption":"J\u00e9r\u00e9mie batard"},"image":{"@id":"https:\/\/www.domainebatardlangelier.fr\/#\/schema\/logo\/image\/"},"sameAs":["https:\/\/www.instagram.com\/batardlangelier\/"]}]}},"_links":{"self":[{"href":"https:\/\/www.domainebatardlangelier.fr\/index.php?rest_route=\/wp\/v2\/pages\/3","targetHints":{"allow":["GET"]}}],"collection":[{"href":"https:\/\/www.domainebatardlangelier.fr\/index.php?rest_route=\/wp\/v2\/pages"}],"about":[{"href":"https:\/\/www.domainebatardlangelier.fr\/index.php?rest_route=\/wp\/v2\/types\/page"}],"author":[{"embeddable":true,"href":"https:\/\/www.domainebatardlangelier.fr\/index.php?rest_route=\/wp\/v2\/users\/1"}],"replies":[{"embeddable":true,"href":"https:\/\/www.domainebatardlangelier.fr\/index.php?rest_route=%2Fwp%2Fv2%2Fcomments&post=3"}],"version-history":[{"count":22,"href":"https:\/\/www.domainebatardlangelier.fr\/index.php?rest_route=\/wp\/v2\/pages\/3\/revisions"}],"predecessor-version":[{"id":1348,"href":"https:\/\/www.domainebatardlangelier.fr\/index.php?rest_route=\/wp\/v2\/pages\/3\/revisions\/1348"}],"wp:attachment":[{"href":"https:\/\/www.domainebatardlangelier.fr\/index.php?rest_route=%2Fwp%2Fv2%2Fmedia&parent=3"}],"curies":[{"name":"wp","href":"https:\/\/api.w.org\/{rel}","templated":true}]}}